{"id":59,"date":"2024-05-16T08:49:09","date_gmt":"2024-05-16T07:49:09","guid":{"rendered":"https:\/\/proud2participate.com\/?page_id=59"},"modified":"2024-05-16T11:10:22","modified_gmt":"2024-05-16T10:10:22","slug":"about","status":"publish","type":"page","link":"https:\/\/proud2participate.com\/nl\/about\/","title":{"rendered":"Over mij"},"content":{"rendered":"<div data-elementor-type=\"wp-page\" data-elementor-id=\"59\" class=\"elementor elementor-59\">\n\t\t\t\t<div class=\"elementor-element elementor-element-766c618 e-flex e-con-boxed e-con e-parent\" data-id=\"766c618\" data-element_type=\"container\" data-settings=\"{&quot;background_background&quot;:&quot;classic&quot;}\">\n\t\t\t\t\t<div class=\"e-con-inner\">\n\t\t\t\t<div class=\"elementor-element elementor-element-9fd1046 elementor-widget elementor-widget-heading\" data-id=\"9fd1046\" data-element_type=\"widget\" data-widget_type=\"heading.default\">\n\t\t\t\t<div class=\"elementor-widget-container\">\n\t\t\t\t\t<h1 class=\"elementor-heading-title elementor-size-default\">Over mij<\/h1>\t\t\t\t<\/div>\n\t\t\t\t<\/div>\n\t\t\t\t<div class=\"elementor-element elementor-element-49cb1d4 premium-type-row elementor-widget elementor-widget-premium-icon-list\" data-id=\"49cb1d4\" data-element_type=\"widget\" data-settings=\"{&quot;rbadges_repeater&quot;:[]}\" data-widget_type=\"premium-icon-list.default\">\n\t\t\t\t<div class=\"elementor-widget-container\">\n\t\t\t\t\t\t\t\t<ul class=\"premium-bullet-list-box\">\n\t\t\t\t\n\t\t\t\t\t\t\t<li class=\"premium-bullet-list-content elementor-repeater-item-1b71286\">\n\t\t\t\t\t\t\t\t<div class=\"premium-bullet-list-text\">\n\t\t\t\t\t\t\t\t\t\t\t\t\t\t\t\t\t\t\t<div class=\"premium-bullet-list-wrapper\">\n\t\t\t\t\t\t\t\t\t\t\t<div class=\"premium-drawable-icon\"><\/div>\t\t\t\t\t\t\t\t\t\t\t<\/div>\n\t\t\t\t\t\t\t\t\t\n\t\t\t\t\t\t\t\t\t<div class=\"premium-bullet-list-text-wrapper\">\n\t\t\t\t\t\t\t\t\t\t<span class=\"premium-bullet-text\" data-text=\"Home\"> Home <\/span>\t\t\t\t\t\t\t\t\t\t\t\t\t\t\t\t\t\t\t<\/div>\n\t\t\t\t\t\t\t\t<\/div>\n\n\t\t\t\t\t\t\t\t\n\t\t\t\t\t\t\t\t\t\t\t\t\t\t\t\t\t<a class=\"premium-bullet-list-link\" aria-label=\"Home\" href=\"https:\/\/izn.kou.mybluehost.me\/website_48a4e5d5\/\">\n\t\t\t\t\t\t\t\t\t\t<span>Home<\/span>\n\t\t\t\t\t\t\t\t\t<\/a>\n\t\t\t\t\t\t\t\t\n\t\t\t\t\t\t\t<\/li>\n\n\t\t\t\t\t\t\t\n\t\t\t\t\t\t\t<li class=\"premium-bullet-list-content elementor-repeater-item-5bca905\">\n\t\t\t\t\t\t\t\t<div class=\"premium-bullet-list-text\">\n\t\t\t\t\t\t\t\t\t\t\t\t\t\t\t\t\t\t\t<div class=\"premium-bullet-list-wrapper\">\n\t\t\t\t\t\t\t\t\t\t\t<div class=\"premium-drawable-icon\"><svg class=\"premium-svg-nodraw e-font-icon-svg e-fas-angle-left\" aria-hidden=\"true\" viewbox=\"0 0 256 512\" xmlns=\"http:\/\/www.w3.org\/2000\/svg\"><path d=\"M31.7 239l136-136c9.4-9.4 24.6-9.4 33.9 0l22.6 22.6c9.4 9.4 9.4 24.6 0 33.9L127.9 256l96.4 96.4c9.4 9.4 9.4 24.6 0 33.9L201.7 409c-9.4 9.4-24.6 9.4-33.9 0l-136-136c-9.5-9.4-9.5-24.6-.1-34z\"><\/path><\/svg><\/div>\t\t\t\t\t\t\t\t\t\t\t<\/div>\n\t\t\t\t\t\t\t\t\t\n\t\t\t\t\t\t\t\t\t<div class=\"premium-bullet-list-text-wrapper\">\n\t\t\t\t\t\t\t\t\t\t<span class=\"premium-bullet-text\" data-text=\"About\"> Over mij <\/span>\t\t\t\t\t\t\t\t\t\t\t\t\t\t\t\t\t\t\t<\/div>\n\t\t\t\t\t\t\t\t<\/div>\n\n\t\t\t\t\t\t\t\t\n\t\t\t\t\t\t\t\t\n\t\t\t\t\t\t\t<\/li>\n\n\t\t\t\t\t\t\t\t\t\t<\/ul>\n\t\t\t\t\t\t<\/div>\n\t\t\t\t<\/div>\n\t\t\t\t\t<\/div>\n\t\t\t\t<\/div>\n\t\t<div class=\"elementor-element elementor-element-6cd2809 e-flex e-con-boxed e-con e-parent\" data-id=\"6cd2809\" data-element_type=\"container\" data-settings=\"{&quot;background_background&quot;:&quot;classic&quot;}\">\n\t\t\t\t\t<div class=\"e-con-inner\">\n\t\t\t\t<div class=\"elementor-element elementor-element-7095ecf elementor-widget elementor-widget-heading\" data-id=\"7095ecf\" data-element_type=\"widget\" data-widget_type=\"heading.default\">\n\t\t\t\t<div class=\"elementor-widget-container\">\n\t\t\t\t\t<h2 class=\"elementor-heading-title elementor-size-default\">Over Proud 2 Participate<\/h2>\t\t\t\t<\/div>\n\t\t\t\t<\/div>\n\t\t\t\t<div class=\"elementor-element elementor-element-f349add elementor-widget elementor-widget-text-editor\" data-id=\"f349add\" data-element_type=\"widget\" data-widget_type=\"text-editor.default\">\n\t\t\t\t<div class=\"elementor-widget-container\">\n\t\t\t\t\t\t\t\t\t<p>Proud 2 Participate richt zich op integratie van asielzoekers en statushouders om hun start in Den Bosch zo succesvol mogelijk te maken door hun sociale en economische zelfredzaamheid te bevorderen. Met behulp van kleinschalige activiteiten en projecten, bieden we nieuwkomers middelen en kansen om verder te komen op de participatieladder. Zo zijn zij niet alleen onderdeel van, maar kan ieder op zijn of haar manier een wezenlijke bijdrage leveren aan onze maatschappij.<\/p>\t\t\t\t\t\t\t\t<\/div>\n\t\t\t\t<\/div>\n\t\t\t\t\t<\/div>\n\t\t\t\t<\/div>\n\t\t<div class=\"elementor-element elementor-element-56e34d5 e-flex e-con-boxed e-con e-parent\" data-id=\"56e34d5\" data-element_type=\"container\">\n\t\t\t\t\t<div class=\"e-con-inner\">\n\t\t<div class=\"elementor-element elementor-element-ac872be e-con-full e-flex e-con e-child\" data-id=\"ac872be\" data-element_type=\"container\">\n\t\t\t\t<div class=\"elementor-element elementor-element-37bf6e7 elementor-widget elementor-widget-image\" data-id=\"37bf6e7\" data-element_type=\"widget\" data-widget_type=\"image.default\">\n\t\t\t\t<div class=\"elementor-widget-container\">\n\t\t\t\t\t\t\t\t\t\t\t\t\t\t\t<img fetchpriority=\"high\" decoding=\"async\" width=\"699\" height=\"1024\" src=\"https:\/\/proud2participate.com\/wp-content\/uploads\/2024\/05\/Letteke-Profile-Pic-699x1024.jpg\" class=\"attachment-large size-large wp-image-64\" alt=\"\" srcset=\"https:\/\/proud2participate.com\/wp-content\/uploads\/2024\/05\/Letteke-Profile-Pic-699x1024.jpg 699w, https:\/\/proud2participate.com\/wp-content\/uploads\/2024\/05\/Letteke-Profile-Pic-205x300.jpg 205w, https:\/\/proud2participate.com\/wp-content\/uploads\/2024\/05\/Letteke-Profile-Pic-768x1125.jpg 768w, https:\/\/proud2participate.com\/wp-content\/uploads\/2024\/05\/Letteke-Profile-Pic-8x12.jpg 8w, https:\/\/proud2participate.com\/wp-content\/uploads\/2024\/05\/Letteke-Profile-Pic.jpg 800w\" sizes=\"(max-width: 699px) 100vw, 699px\" \/>\t\t\t\t\t\t\t\t\t\t\t\t\t\t\t<\/div>\n\t\t\t\t<\/div>\n\t\t\t\t<\/div>\n\t\t<div class=\"elementor-element elementor-element-ac49bf0 e-con-full e-flex e-con e-child\" data-id=\"ac49bf0\" data-element_type=\"container\">\n\t\t\t\t<div class=\"elementor-element elementor-element-f48c0cd elementor-widget elementor-widget-heading\" data-id=\"f48c0cd\" data-element_type=\"widget\" data-widget_type=\"heading.default\">\n\t\t\t\t<div class=\"elementor-widget-container\">\n\t\t\t\t\t<h2 class=\"elementor-heading-title elementor-size-default\">Letteke Vernooij<\/h2>\t\t\t\t<\/div>\n\t\t\t\t<\/div>\n\t\t\t\t<div class=\"elementor-element elementor-element-7f41644 elementor-widget elementor-widget-text-editor\" data-id=\"7f41644\" data-element_type=\"widget\" data-widget_type=\"text-editor.default\">\n\t\t\t\t<div class=\"elementor-widget-container\">\n\t\t\t\t\t\t\t\t\t<p><span style=\"font-weight: 400;\">Mijn naam is Letteke Vernooij.<\/span><\/p><p><span style=\"font-weight: 400;\">Ik heb Proud 2 Participate opgericht nadat ik ruim twee jaar met veel plezier voor COA heb gewerkt. In die periode heb ik veel prachtige en bijzondere mensen ontmoet, waardoor mijn liefde voor de doelgroep van proud 2 Participate (asielzoekers en statushouders) alleen maar is vergroot.\u00a0<\/span><\/p><p><span style=\"font-weight: 400;\">Ik kwam tot de conclusie dat er veel behoefte is aan maatwerk en kleinschalige projecten zodat asielzoekers en statushouders beter kunnen integreren en stappen zetten op de participatieladder.<\/span><\/p><p><span style=\"font-weight: 400;\">Omdat een Syrische chirurg die perfect Engels spreekt, andere steun nodig heeft dan een alleenstaande moeder van drie kinderen uit Somali\u00eb is er behoefte aan maatwerk en flexibiliteit.<\/span><\/p><p><span style=\"font-weight: 400;\">E\u00e9n ding hebben de meeste nieuwkomers gemeen, ze staan te springen om mee te doen en te laten zien welke toegevoegde waarde zij kunnen leveren aan onze maatschappij, op wat voor manier dan ook. Wij kunnen veel leren van hun doorzettingsvermogen, motivatie en focus. Een groot deel van onze maatschappij blijkt hun bijdrage te willen omarmen. <\/span><\/p><p><span style=\"font-weight: 400;\">Vanuit die gedachte heb ik Proud 2 Participate opgericht.<\/span><\/p>\t\t\t\t\t\t\t\t<\/div>\n\t\t\t\t<\/div>\n\t\t\t\t<\/div>\n\t\t\t\t\t<\/div>\n\t\t\t\t<\/div>\n\t\t<div class=\"elementor-element elementor-element-ade7529 e-flex e-con-boxed e-con e-parent\" data-id=\"ade7529\" data-element_type=\"container\" data-settings=\"{&quot;background_background&quot;:&quot;classic&quot;}\">\n\t\t\t\t\t<div class=\"e-con-inner\">\n\t\t<div class=\"elementor-element elementor-element-d3ef94b e-con-full e-flex e-con e-child\" data-id=\"d3ef94b\" data-element_type=\"container\">\n\t\t\t\t<div class=\"elementor-element elementor-element-76ef9a1 elementor-widget elementor-widget-heading\" data-id=\"76ef9a1\" data-element_type=\"widget\" data-widget_type=\"heading.default\">\n\t\t\t\t<div class=\"elementor-widget-container\">\n\t\t\t\t\t<h2 class=\"elementor-heading-title elementor-size-default\">Missie<\/h2>\t\t\t\t<\/div>\n\t\t\t\t<\/div>\n\t\t\t\t<\/div>\n\t\t\t\t\t<\/div>\n\t\t\t\t<\/div>\n\t\t<div class=\"elementor-element elementor-element-114aac4 e-flex e-con-boxed e-con e-parent\" data-id=\"114aac4\" data-element_type=\"container\" data-settings=\"{&quot;background_background&quot;:&quot;classic&quot;}\">\n\t\t\t\t\t<div class=\"e-con-inner\">\n\t\t<div class=\"elementor-element elementor-element-56fe960 e-con-full e-flex e-con e-child\" data-id=\"56fe960\" data-element_type=\"container\">\n\t\t\t\t<div class=\"elementor-element elementor-element-fe87177 elementor-widget elementor-widget-text-editor\" data-id=\"fe87177\" data-element_type=\"widget\" data-widget_type=\"text-editor.default\">\n\t\t\t\t<div class=\"elementor-widget-container\">\n\t\t\t\t\t\t\t\t\t<p>Den Bosch herbergt, medio 2024, naar alle waarschijnlijkheid ruim 600 asielzoekers, waarvan een groot deel uiteindelijk statushouder zal worden. Zij verdienen allen een kans om te integreren en stappen te maken op de maatschappelijke participatieladder. Op de eerste plaats natuurlijk omdat dat in het belang van de persoon in kwestie zelf is. Daarnaast is het ook in het belang van de maatschappij als geheel. De arbeidsmarkt \u2018piept en kraakt\u2019 en zit te springen om gemotiveerde krachten. Hoe meer mensen naar vermogen meedraaien in de maatschappij hoe kleiner de kans dat zij later in de problemen komen; daar zijn wij allemaal bij gebaat.<\/p><p>Iedere asielzoeker of statushouder heeft zijn of haar eigen achtergrond, met eigen capaciteiten en vaardigheden maar vaak ook met specifieke problemen die integratie en participatie in meer of mindere mate kunnen bemoeilijken. Niettemin hebben de meesten van hen een grote intrinsieke motivatie om zo snel mogelijk zelfstandig een bijdrage te kunnen leveren aan onze maatschappij.<\/p>\t\t\t\t\t\t\t\t<\/div>\n\t\t\t\t<\/div>\n\t\t\t\t<\/div>\n\t\t<div class=\"elementor-element elementor-element-43b7c9d e-con-full e-flex e-con e-child\" data-id=\"43b7c9d\" data-element_type=\"container\">\n\t\t\t\t<div class=\"elementor-element elementor-element-b618601 elementor-widget elementor-widget-text-editor\" data-id=\"b618601\" data-element_type=\"widget\" data-widget_type=\"text-editor.default\">\n\t\t\t\t<div class=\"elementor-widget-container\">\n\t\t\t\t\t\t\t\t\t<p>Daar hebben ze wel hulp bij nodig. Voor de \u00e9\u00e9n volstaat een simpel duwtje in de rug om substanti\u00eble stappen te maken op de participatieladder terwijl een ander baat heeft bij \u2018veel zetjes\u2019 om kleine maar uiteindelijk veel stappen te kunnen maken. Om daar invulling aan te geven is een kleinschalige aanpak nodig, met het oog op het individu, gericht op integratie, eigenwaarde, zelfredzaamheid en daarmee het maken van stappen op de participatieladder.<\/p><p>De doelstelling van stichting Proud 2 Participate is om met behulp van kleinschalige projecten en activiteiten, gericht op integratie en het vergroten van eigenwaarde en zelfredzaamheid, een bijdrage te leveren aan het realiseren van de wens van zoveel mogelijk asielzoekers en statushouders om niet alleen deel uit te maken van de maatschappij, maar er ook een bijdrage aan te leveren.<\/p>\t\t\t\t\t\t\t\t<\/div>\n\t\t\t\t<\/div>\n\t\t\t\t<\/div>\n\t\t\t\t\t<\/div>\n\t\t\t\t<\/div>\n\t\t<div class=\"elementor-element elementor-element-5285716 e-con-full elementor-hidden-mobile e-flex e-con e-parent\" data-id=\"5285716\" data-element_type=\"container\">\n\t\t\t\t<div class=\"elementor-element elementor-element-6d39dad gallery-spacing-custom elementor-widget elementor-widget-image-gallery\" data-id=\"6d39dad\" data-element_type=\"widget\" data-widget_type=\"image-gallery.default\">\n\t\t\t\t<div class=\"elementor-widget-container\">\n\t\t\t\t\t\t\t<div class=\"elementor-image-gallery\">\n\t\t\t<div id='gallery-1' class='gallery galleryid-59 gallery-columns-6 gallery-size-full'><figure class='gallery-item'>\n\t\t\t<div class='gallery-icon landscape'>\n\t\t\t\t<a data-elementor-open-lightbox=\"yes\" data-elementor-lightbox-slideshow=\"6d39dad\" data-elementor-lightbox-title=\"Proud_2_Participate_Gallery_8-1.jpg\" data-e-action-hash=\"#elementor-action%3Aaction%3Dlightbox%26settings%3DeyJpZCI6NTEsInVybCI6Imh0dHBzOlwvXC9wcm91ZDJwYXJ0aWNpcGF0ZS5jb21cL3dwLWNvbnRlbnRcL3VwbG9hZHNcLzIwMjRcLzA1XC9Qcm91ZF8yX1BhcnRpY2lwYXRlX0dhbGxlcnlfOC0xLmpwZyIsInNsaWRlc2hvdyI6IjZkMzlkYWQifQ%3D%3D\" href='https:\/\/proud2participate.com\/wp-content\/uploads\/2024\/05\/Proud_2_Participate_Gallery_8-1.jpg'><img decoding=\"async\" width=\"1080\" height=\"1080\" src=\"https:\/\/proud2participate.com\/wp-content\/uploads\/2024\/05\/Proud_2_Participate_Gallery_8-1.jpg\" class=\"attachment-full size-full\" alt=\"\" srcset=\"https:\/\/proud2participate.com\/wp-content\/uploads\/2024\/05\/Proud_2_Participate_Gallery_8-1.jpg 1080w, https:\/\/proud2participate.com\/wp-content\/uploads\/2024\/05\/Proud_2_Participate_Gallery_8-1-300x300.jpg 300w, https:\/\/proud2participate.com\/wp-content\/uploads\/2024\/05\/Proud_2_Participate_Gallery_8-1-1024x1024.jpg 1024w, https:\/\/proud2participate.com\/wp-content\/uploads\/2024\/05\/Proud_2_Participate_Gallery_8-1-150x150.jpg 150w, https:\/\/proud2participate.com\/wp-content\/uploads\/2024\/05\/Proud_2_Participate_Gallery_8-1-768x768.jpg 768w, https:\/\/proud2participate.com\/wp-content\/uploads\/2024\/05\/Proud_2_Participate_Gallery_8-1-12x12.jpg 12w\" sizes=\"(max-width: 1080px) 100vw, 1080px\" \/><\/a>\n\t\t\t<\/div><\/figure><figure class='gallery-item'>\n\t\t\t<div class='gallery-icon landscape'>\n\t\t\t\t<a data-elementor-open-lightbox=\"yes\" data-elementor-lightbox-slideshow=\"6d39dad\" data-elementor-lightbox-title=\"Proud_2_Participate_Gallery_6-1.jpg\" data-e-action-hash=\"#elementor-action%3Aaction%3Dlightbox%26settings%3DeyJpZCI6NTIsInVybCI6Imh0dHBzOlwvXC9wcm91ZDJwYXJ0aWNpcGF0ZS5jb21cL3dwLWNvbnRlbnRcL3VwbG9hZHNcLzIwMjRcLzA1XC9Qcm91ZF8yX1BhcnRpY2lwYXRlX0dhbGxlcnlfNi0xLmpwZyIsInNsaWRlc2hvdyI6IjZkMzlkYWQifQ%3D%3D\" href='https:\/\/proud2participate.com\/wp-content\/uploads\/2024\/05\/Proud_2_Participate_Gallery_6-1.jpg'><img decoding=\"async\" width=\"1080\" height=\"1080\" src=\"https:\/\/proud2participate.com\/wp-content\/uploads\/2024\/05\/Proud_2_Participate_Gallery_6-1.jpg\" class=\"attachment-full size-full\" alt=\"\" srcset=\"https:\/\/proud2participate.com\/wp-content\/uploads\/2024\/05\/Proud_2_Participate_Gallery_6-1.jpg 1080w, https:\/\/proud2participate.com\/wp-content\/uploads\/2024\/05\/Proud_2_Participate_Gallery_6-1-300x300.jpg 300w, https:\/\/proud2participate.com\/wp-content\/uploads\/2024\/05\/Proud_2_Participate_Gallery_6-1-1024x1024.jpg 1024w, https:\/\/proud2participate.com\/wp-content\/uploads\/2024\/05\/Proud_2_Participate_Gallery_6-1-150x150.jpg 150w, https:\/\/proud2participate.com\/wp-content\/uploads\/2024\/05\/Proud_2_Participate_Gallery_6-1-768x768.jpg 768w, https:\/\/proud2participate.com\/wp-content\/uploads\/2024\/05\/Proud_2_Participate_Gallery_6-1-12x12.jpg 12w\" sizes=\"(max-width: 1080px) 100vw, 1080px\" \/><\/a>\n\t\t\t<\/div><\/figure><figure class='gallery-item'>\n\t\t\t<div class='gallery-icon landscape'>\n\t\t\t\t<a data-elementor-open-lightbox=\"yes\" data-elementor-lightbox-slideshow=\"6d39dad\" data-elementor-lightbox-title=\"Proud_2_Participate_Gallery_5-1.jpg\" data-e-action-hash=\"#elementor-action%3Aaction%3Dlightbox%26settings%3DeyJpZCI6NTMsInVybCI6Imh0dHBzOlwvXC9wcm91ZDJwYXJ0aWNpcGF0ZS5jb21cL3dwLWNvbnRlbnRcL3VwbG9hZHNcLzIwMjRcLzA1XC9Qcm91ZF8yX1BhcnRpY2lwYXRlX0dhbGxlcnlfNS0xLmpwZyIsInNsaWRlc2hvdyI6IjZkMzlkYWQifQ%3D%3D\" href='https:\/\/proud2participate.com\/wp-content\/uploads\/2024\/05\/Proud_2_Participate_Gallery_5-1.jpg'><img loading=\"lazy\" decoding=\"async\" width=\"1080\" height=\"1080\" src=\"https:\/\/proud2participate.com\/wp-content\/uploads\/2024\/05\/Proud_2_Participate_Gallery_5-1.jpg\" class=\"attachment-full size-full\" alt=\"\" srcset=\"https:\/\/proud2participate.com\/wp-content\/uploads\/2024\/05\/Proud_2_Participate_Gallery_5-1.jpg 1080w, https:\/\/proud2participate.com\/wp-content\/uploads\/2024\/05\/Proud_2_Participate_Gallery_5-1-300x300.jpg 300w, https:\/\/proud2participate.com\/wp-content\/uploads\/2024\/05\/Proud_2_Participate_Gallery_5-1-1024x1024.jpg 1024w, https:\/\/proud2participate.com\/wp-content\/uploads\/2024\/05\/Proud_2_Participate_Gallery_5-1-150x150.jpg 150w, https:\/\/proud2participate.com\/wp-content\/uploads\/2024\/05\/Proud_2_Participate_Gallery_5-1-768x768.jpg 768w, https:\/\/proud2participate.com\/wp-content\/uploads\/2024\/05\/Proud_2_Participate_Gallery_5-1-12x12.jpg 12w\" sizes=\"(max-width: 1080px) 100vw, 1080px\" \/><\/a>\n\t\t\t<\/div><\/figure><figure class='gallery-item'>\n\t\t\t<div class='gallery-icon landscape'>\n\t\t\t\t<a data-elementor-open-lightbox=\"yes\" data-elementor-lightbox-slideshow=\"6d39dad\" data-elementor-lightbox-title=\"Proud_2_Participate_Gallery_3-1.jpg\" data-e-action-hash=\"#elementor-action%3Aaction%3Dlightbox%26settings%3DeyJpZCI6NTQsInVybCI6Imh0dHBzOlwvXC9wcm91ZDJwYXJ0aWNpcGF0ZS5jb21cL3dwLWNvbnRlbnRcL3VwbG9hZHNcLzIwMjRcLzA1XC9Qcm91ZF8yX1BhcnRpY2lwYXRlX0dhbGxlcnlfMy0xLmpwZyIsInNsaWRlc2hvdyI6IjZkMzlkYWQifQ%3D%3D\" href='https:\/\/proud2participate.com\/wp-content\/uploads\/2024\/05\/Proud_2_Participate_Gallery_3-1.jpg'><img loading=\"lazy\" decoding=\"async\" width=\"1080\" height=\"1080\" src=\"https:\/\/proud2participate.com\/wp-content\/uploads\/2024\/05\/Proud_2_Participate_Gallery_3-1.jpg\" class=\"attachment-full size-full\" alt=\"\" srcset=\"https:\/\/proud2participate.com\/wp-content\/uploads\/2024\/05\/Proud_2_Participate_Gallery_3-1.jpg 1080w, https:\/\/proud2participate.com\/wp-content\/uploads\/2024\/05\/Proud_2_Participate_Gallery_3-1-300x300.jpg 300w, https:\/\/proud2participate.com\/wp-content\/uploads\/2024\/05\/Proud_2_Participate_Gallery_3-1-1024x1024.jpg 1024w, https:\/\/proud2participate.com\/wp-content\/uploads\/2024\/05\/Proud_2_Participate_Gallery_3-1-150x150.jpg 150w, https:\/\/proud2participate.com\/wp-content\/uploads\/2024\/05\/Proud_2_Participate_Gallery_3-1-768x768.jpg 768w, https:\/\/proud2participate.com\/wp-content\/uploads\/2024\/05\/Proud_2_Participate_Gallery_3-1-12x12.jpg 12w\" sizes=\"(max-width: 1080px) 100vw, 1080px\" \/><\/a>\n\t\t\t<\/div><\/figure><figure class='gallery-item'>\n\t\t\t<div class='gallery-icon landscape'>\n\t\t\t\t<a data-elementor-open-lightbox=\"yes\" data-elementor-lightbox-slideshow=\"6d39dad\" data-elementor-lightbox-title=\"Proud_2_Participate_Gallery_2-1.jpg\" data-e-action-hash=\"#elementor-action%3Aaction%3Dlightbox%26settings%3DeyJpZCI6NTUsInVybCI6Imh0dHBzOlwvXC9wcm91ZDJwYXJ0aWNpcGF0ZS5jb21cL3dwLWNvbnRlbnRcL3VwbG9hZHNcLzIwMjRcLzA1XC9Qcm91ZF8yX1BhcnRpY2lwYXRlX0dhbGxlcnlfMi0xLmpwZyIsInNsaWRlc2hvdyI6IjZkMzlkYWQifQ%3D%3D\" href='https:\/\/proud2participate.com\/wp-content\/uploads\/2024\/05\/Proud_2_Participate_Gallery_2-1.jpg'><img loading=\"lazy\" decoding=\"async\" width=\"1080\" height=\"1080\" src=\"https:\/\/proud2participate.com\/wp-content\/uploads\/2024\/05\/Proud_2_Participate_Gallery_2-1.jpg\" class=\"attachment-full size-full\" alt=\"\" srcset=\"https:\/\/proud2participate.com\/wp-content\/uploads\/2024\/05\/Proud_2_Participate_Gallery_2-1.jpg 1080w, https:\/\/proud2participate.com\/wp-content\/uploads\/2024\/05\/Proud_2_Participate_Gallery_2-1-300x300.jpg 300w, https:\/\/proud2participate.com\/wp-content\/uploads\/2024\/05\/Proud_2_Participate_Gallery_2-1-1024x1024.jpg 1024w, https:\/\/proud2participate.com\/wp-content\/uploads\/2024\/05\/Proud_2_Participate_Gallery_2-1-150x150.jpg 150w, https:\/\/proud2participate.com\/wp-content\/uploads\/2024\/05\/Proud_2_Participate_Gallery_2-1-768x768.jpg 768w, https:\/\/proud2participate.com\/wp-content\/uploads\/2024\/05\/Proud_2_Participate_Gallery_2-1-12x12.jpg 12w\" sizes=\"(max-width: 1080px) 100vw, 1080px\" \/><\/a>\n\t\t\t<\/div><\/figure><figure class='gallery-item'>\n\t\t\t<div class='gallery-icon landscape'>\n\t\t\t\t<a data-elementor-open-lightbox=\"yes\" data-elementor-lightbox-slideshow=\"6d39dad\" data-elementor-lightbox-title=\"Proud_2_Participate_Gallery_1-1.jpg\" data-e-action-hash=\"#elementor-action%3Aaction%3Dlightbox%26settings%3DeyJpZCI6NTYsInVybCI6Imh0dHBzOlwvXC9wcm91ZDJwYXJ0aWNpcGF0ZS5jb21cL3dwLWNvbnRlbnRcL3VwbG9hZHNcLzIwMjRcLzA1XC9Qcm91ZF8yX1BhcnRpY2lwYXRlX0dhbGxlcnlfMS0xLmpwZyIsInNsaWRlc2hvdyI6IjZkMzlkYWQifQ%3D%3D\" href='https:\/\/proud2participate.com\/wp-content\/uploads\/2024\/05\/Proud_2_Participate_Gallery_1-1.jpg'><img loading=\"lazy\" decoding=\"async\" width=\"1080\" height=\"1080\" src=\"https:\/\/proud2participate.com\/wp-content\/uploads\/2024\/05\/Proud_2_Participate_Gallery_1-1.jpg\" class=\"attachment-full size-full\" alt=\"\" srcset=\"https:\/\/proud2participate.com\/wp-content\/uploads\/2024\/05\/Proud_2_Participate_Gallery_1-1.jpg 1080w, https:\/\/proud2participate.com\/wp-content\/uploads\/2024\/05\/Proud_2_Participate_Gallery_1-1-300x300.jpg 300w, https:\/\/proud2participate.com\/wp-content\/uploads\/2024\/05\/Proud_2_Participate_Gallery_1-1-1024x1024.jpg 1024w, https:\/\/proud2participate.com\/wp-content\/uploads\/2024\/05\/Proud_2_Participate_Gallery_1-1-150x150.jpg 150w, https:\/\/proud2participate.com\/wp-content\/uploads\/2024\/05\/Proud_2_Participate_Gallery_1-1-768x768.jpg 768w, https:\/\/proud2participate.com\/wp-content\/uploads\/2024\/05\/Proud_2_Participate_Gallery_1-1-12x12.jpg 12w\" sizes=\"(max-width: 1080px) 100vw, 1080px\" \/><\/a>\n\t\t\t<\/div><\/figure>\n\t\t<\/div>\n\t\t<\/div>\n\t\t\t\t\t\t<\/div>\n\t\t\t\t<\/div>\n\t\t\t\t<\/div>\n\t\t\t\t<\/div>","protected":false},"excerpt":{"rendered":"<p>About Home Home About About Proud 2 Participate Proud 2 Participate focuses on the integration of asylum seekers and status holders to make their start in Den Bosch as successful [&hellip;]<\/p>\n","protected":false},"author":1,"featured_media":0,"parent":0,"menu_order":0,"comment_status":"closed","ping_status":"closed","template":"elementor_header_footer","meta":{"_EventAllDay":false,"_EventTimezone":"","_EventStartDate":"","_EventEndDate":"","_EventStartDateUTC":"","_EventEndDateUTC":"","_EventShowMap":false,"_EventShowMapLink":false,"_EventURL":"","_EventCost":"","_EventCostDescription":"","_EventCurrencySymbol":"","_EventCurrencyCode":"","_EventCurrencyPosition":"","_EventDateTimeSeparator":"","_EventTimeRangeSeparator":"","_EventOrganizerID":[],"_EventVenueID":[],"_OrganizerEmail":"","_OrganizerPhone":"","_OrganizerWebsite":"","_VenueAddress":"","_VenueCity":"","_VenueCountry":"","_VenueProvince":"","_VenueState":"","_VenueZip":"","_VenuePhone":"","_VenueURL":"","_VenueStateProvince":"","_VenueLat":"","_VenueLng":"","_VenueShowMap":false,"_VenueShowMapLink":false,"footnotes":""},"_links":{"self":[{"href":"https:\/\/proud2participate.com\/nl\/wp-json\/wp\/v2\/pages\/59"}],"collection":[{"href":"https:\/\/proud2participate.com\/nl\/wp-json\/wp\/v2\/pages"}],"about":[{"href":"https:\/\/proud2participate.com\/nl\/wp-json\/wp\/v2\/types\/page"}],"author":[{"embeddable":true,"href":"https:\/\/proud2participate.com\/nl\/wp-json\/wp\/v2\/users\/1"}],"replies":[{"embeddable":true,"href":"https:\/\/proud2participate.com\/nl\/wp-json\/wp\/v2\/comments?post=59"}],"version-history":[{"count":11,"href":"https:\/\/proud2participate.com\/nl\/wp-json\/wp\/v2\/pages\/59\/revisions"}],"predecessor-version":[{"id":245,"href":"https:\/\/proud2participate.com\/nl\/wp-json\/wp\/v2\/pages\/59\/revisions\/245"}],"wp:attachment":[{"href":"https:\/\/proud2participate.com\/nl\/wp-json\/wp\/v2\/media?parent=59"}],"curies":[{"name":"wp","href":"https:\/\/api.w.org\/{rel}","templated":true}]}}