{"id":65,"date":"2024-05-16T08:50:38","date_gmt":"2024-05-16T07:50:38","guid":{"rendered":"https:\/\/proud2participate.com\/?page_id=65"},"modified":"2024-05-16T10:31:44","modified_gmt":"2024-05-16T09:31:44","slug":"mission","status":"publish","type":"page","link":"https:\/\/proud2participate.com\/nl\/mission\/","title":{"rendered":"Missie"},"content":{"rendered":"<div data-elementor-type=\"wp-page\" data-elementor-id=\"65\" class=\"elementor elementor-65\">\n\t\t\t\t<div class=\"elementor-element elementor-element-eb66fdb e-flex e-con-boxed e-con e-parent\" data-id=\"eb66fdb\" data-element_type=\"container\" data-settings=\"{&quot;background_background&quot;:&quot;classic&quot;}\">\n\t\t\t\t\t<div class=\"e-con-inner\">\n\t\t\t\t<div class=\"elementor-element elementor-element-e5fd2c5 elementor-widget elementor-widget-heading\" data-id=\"e5fd2c5\" data-element_type=\"widget\" data-widget_type=\"heading.default\">\n\t\t\t\t<div class=\"elementor-widget-container\">\n\t\t\t\t\t<h1 class=\"elementor-heading-title elementor-size-default\">Missie<\/h1>\t\t\t\t<\/div>\n\t\t\t\t<\/div>\n\t\t\t\t<div class=\"elementor-element elementor-element-3ce7286 premium-type-row elementor-widget elementor-widget-premium-icon-list\" data-id=\"3ce7286\" data-element_type=\"widget\" data-settings=\"{&quot;rbadges_repeater&quot;:[]}\" data-widget_type=\"premium-icon-list.default\">\n\t\t\t\t<div class=\"elementor-widget-container\">\n\t\t\t\t\t\t\t\t<ul class=\"premium-bullet-list-box\">\n\t\t\t\t\n\t\t\t\t\t\t\t<li class=\"premium-bullet-list-content elementor-repeater-item-1b71286\">\n\t\t\t\t\t\t\t\t<div class=\"premium-bullet-list-text\">\n\t\t\t\t\t\t\t\t\t\t\t\t\t\t\t\t\t\t\t<div class=\"premium-bullet-list-wrapper\">\n\t\t\t\t\t\t\t\t\t\t\t<div class=\"premium-drawable-icon\"><\/div>\t\t\t\t\t\t\t\t\t\t\t<\/div>\n\t\t\t\t\t\t\t\t\t\n\t\t\t\t\t\t\t\t\t<div class=\"premium-bullet-list-text-wrapper\">\n\t\t\t\t\t\t\t\t\t\t<span class=\"premium-bullet-text\" data-text=\"Home\"> Home <\/span>\t\t\t\t\t\t\t\t\t\t\t\t\t\t\t\t\t\t\t<\/div>\n\t\t\t\t\t\t\t\t<\/div>\n\n\t\t\t\t\t\t\t\t\n\t\t\t\t\t\t\t\t\t\t\t\t\t\t\t\t\t<a class=\"premium-bullet-list-link\" aria-label=\"Home\" href=\"https:\/\/izn.kou.mybluehost.me\/website_48a4e5d5\/\">\n\t\t\t\t\t\t\t\t\t\t<span>Home<\/span>\n\t\t\t\t\t\t\t\t\t<\/a>\n\t\t\t\t\t\t\t\t\n\t\t\t\t\t\t\t<\/li>\n\n\t\t\t\t\t\t\t\n\t\t\t\t\t\t\t<li class=\"premium-bullet-list-content elementor-repeater-item-5bca905\">\n\t\t\t\t\t\t\t\t<div class=\"premium-bullet-list-text\">\n\t\t\t\t\t\t\t\t\t\t\t\t\t\t\t\t\t\t\t<div class=\"premium-bullet-list-wrapper\">\n\t\t\t\t\t\t\t\t\t\t\t<div class=\"premium-drawable-icon\"><svg class=\"premium-svg-nodraw e-font-icon-svg e-fas-angle-left\" aria-hidden=\"true\" viewbox=\"0 0 256 512\" xmlns=\"http:\/\/www.w3.org\/2000\/svg\"><path d=\"M31.7 239l136-136c9.4-9.4 24.6-9.4 33.9 0l22.6 22.6c9.4 9.4 9.4 24.6 0 33.9L127.9 256l96.4 96.4c9.4 9.4 9.4 24.6 0 33.9L201.7 409c-9.4 9.4-24.6 9.4-33.9 0l-136-136c-9.5-9.4-9.5-24.6-.1-34z\"><\/path><\/svg><\/div>\t\t\t\t\t\t\t\t\t\t\t<\/div>\n\t\t\t\t\t\t\t\t\t\n\t\t\t\t\t\t\t\t\t<div class=\"premium-bullet-list-text-wrapper\">\n\t\t\t\t\t\t\t\t\t\t<span class=\"premium-bullet-text\" data-text=\"Mission\"> Missie <\/span>\t\t\t\t\t\t\t\t\t\t\t\t\t\t\t\t\t\t\t<\/div>\n\t\t\t\t\t\t\t\t<\/div>\n\n\t\t\t\t\t\t\t\t\n\t\t\t\t\t\t\t\t\n\t\t\t\t\t\t\t<\/li>\n\n\t\t\t\t\t\t\t\t\t\t<\/ul>\n\t\t\t\t\t\t<\/div>\n\t\t\t\t<\/div>\n\t\t\t\t\t<\/div>\n\t\t\t\t<\/div>\n\t\t<div class=\"elementor-element elementor-element-8f509e4 e-flex e-con-boxed e-con e-parent\" data-id=\"8f509e4\" data-element_type=\"container\" data-settings=\"{&quot;background_background&quot;:&quot;classic&quot;}\">\n\t\t\t\t\t<div class=\"e-con-inner\">\n\t\t<div class=\"elementor-element elementor-element-98f9ffe e-con-full e-flex e-con e-child\" data-id=\"98f9ffe\" data-element_type=\"container\">\n\t\t\t\t<div class=\"elementor-element elementor-element-1407b80 elementor-widget elementor-widget-heading\" data-id=\"1407b80\" data-element_type=\"widget\" data-widget_type=\"heading.default\">\n\t\t\t\t<div class=\"elementor-widget-container\">\n\t\t\t\t\t<h2 class=\"elementor-heading-title elementor-size-default\">Missie<\/h2>\t\t\t\t<\/div>\n\t\t\t\t<\/div>\n\t\t\t\t<\/div>\n\t\t\t\t\t<\/div>\n\t\t\t\t<\/div>\n\t\t<div class=\"elementor-element elementor-element-4c0d5ee e-flex e-con-boxed e-con e-parent\" data-id=\"4c0d5ee\" data-element_type=\"container\" data-settings=\"{&quot;background_background&quot;:&quot;classic&quot;}\">\n\t\t\t\t\t<div class=\"e-con-inner\">\n\t\t<div class=\"elementor-element elementor-element-27448e8 e-con-full e-flex e-con e-child\" data-id=\"27448e8\" data-element_type=\"container\">\n\t\t\t\t<div class=\"elementor-element elementor-element-596c5c6 elementor-widget elementor-widget-text-editor\" data-id=\"596c5c6\" data-element_type=\"widget\" data-widget_type=\"text-editor.default\">\n\t\t\t\t<div class=\"elementor-widget-container\">\n\t\t\t\t\t\t\t\t\t<p>Den Bosch herbergt, medio 2024, naar alle waarschijnlijkheid ruim 600 asielzoekers, waarvan een groot deel uiteindelijk statushouder zal worden. Zij verdienen allen een kans om te integreren en stappen te maken op de maatschappelijke participatieladder. Op de eerste plaats natuurlijk omdat dat in het belang van de persoon in kwestie zelf is. Daarnaast is het ook in het belang van de maatschappij als geheel. De arbeidsmarkt \u2018piept en kraakt\u2019 en zit te springen om gemotiveerde krachten. Hoe meer mensen naar vermogen meedraaien in de maatschappij hoe kleiner de kans dat zij later in de problemen komen; daar zijn wij allemaal bij gebaat.<\/p><p>Iedere asielzoeker of statushouder heeft zijn of haar eigen achtergrond, met eigen capaciteiten en vaardigheden maar vaak ook met specifieke problemen die integratie en participatie in meer of mindere mate kunnen bemoeilijken. Niettemin hebben de meesten van hen een grote intrinsieke motivatie om zo snel mogelijk zelfstandig een bijdrage te kunnen leveren aan onze maatschappij.<\/p>\t\t\t\t\t\t\t\t<\/div>\n\t\t\t\t<\/div>\n\t\t\t\t<\/div>\n\t\t<div class=\"elementor-element elementor-element-1c2ca4c e-con-full e-flex e-con e-child\" data-id=\"1c2ca4c\" data-element_type=\"container\">\n\t\t\t\t<div class=\"elementor-element elementor-element-ae567fd elementor-widget elementor-widget-text-editor\" data-id=\"ae567fd\" data-element_type=\"widget\" data-widget_type=\"text-editor.default\">\n\t\t\t\t<div class=\"elementor-widget-container\">\n\t\t\t\t\t\t\t\t\t<p>Daar hebben ze wel hulp bij nodig. Voor de \u00e9\u00e9n volstaat een simpel duwtje in de rug om substanti\u00eble stappen te maken op de participatieladder terwijl een ander baat heeft bij \u2018veel zetjes\u2019 om kleine maar uiteindelijk veel stappen te kunnen maken. Om daar invulling aan te geven is een kleinschalige aanpak nodig, met het oog op het individu, gericht op integratie, eigenwaarde, zelfredzaamheid en daarmee het maken van stappen op de participatieladder.<\/p><p>De doelstelling van stichting Proud 2 Participate is om met behulp van kleinschalige projecten en activiteiten, gericht op integratie en het vergroten van eigenwaarde en zelfredzaamheid, een bijdrage te leveren aan het realiseren van de wens van zoveel mogelijk asielzoekers en statushouders om niet alleen deel uit te maken van de maatschappij, maar er ook een bijdrage aan te leveren.<\/p>\t\t\t\t\t\t\t\t<\/div>\n\t\t\t\t<\/div>\n\t\t\t\t<\/div>\n\t\t\t\t\t<\/div>\n\t\t\t\t<\/div>\n\t\t<div class=\"elementor-element elementor-element-16593c6 e-con-full elementor-hidden-mobile e-flex e-con e-parent\" data-id=\"16593c6\" data-element_type=\"container\">\n\t\t\t\t<div class=\"elementor-element elementor-element-57f8206 gallery-spacing-custom elementor-widget elementor-widget-image-gallery\" data-id=\"57f8206\" data-element_type=\"widget\" data-widget_type=\"image-gallery.default\">\n\t\t\t\t<div class=\"elementor-widget-container\">\n\t\t\t\t\t\t\t<div class=\"elementor-image-gallery\">\n\t\t\t<div id='gallery-1' class='gallery galleryid-65 gallery-columns-6 gallery-size-full'><figure class='gallery-item'>\n\t\t\t<div class='gallery-icon landscape'>\n\t\t\t\t<a data-elementor-open-lightbox=\"yes\" data-elementor-lightbox-slideshow=\"57f8206\" data-elementor-lightbox-title=\"Proud_2_Participate_Gallery_8-1.jpg\" data-e-action-hash=\"#elementor-action%3Aaction%3Dlightbox%26settings%3DeyJpZCI6NTEsInVybCI6Imh0dHBzOlwvXC9wcm91ZDJwYXJ0aWNpcGF0ZS5jb21cL3dwLWNvbnRlbnRcL3VwbG9hZHNcLzIwMjRcLzA1XC9Qcm91ZF8yX1BhcnRpY2lwYXRlX0dhbGxlcnlfOC0xLmpwZyIsInNsaWRlc2hvdyI6IjU3ZjgyMDYifQ%3D%3D\" href='https:\/\/proud2participate.com\/wp-content\/uploads\/2024\/05\/Proud_2_Participate_Gallery_8-1.jpg'><img fetchpriority=\"high\" decoding=\"async\" width=\"1080\" height=\"1080\" src=\"https:\/\/proud2participate.com\/wp-content\/uploads\/2024\/05\/Proud_2_Participate_Gallery_8-1.jpg\" class=\"attachment-full size-full\" alt=\"\" srcset=\"https:\/\/proud2participate.com\/wp-content\/uploads\/2024\/05\/Proud_2_Participate_Gallery_8-1.jpg 1080w, https:\/\/proud2participate.com\/wp-content\/uploads\/2024\/05\/Proud_2_Participate_Gallery_8-1-300x300.jpg 300w, https:\/\/proud2participate.com\/wp-content\/uploads\/2024\/05\/Proud_2_Participate_Gallery_8-1-1024x1024.jpg 1024w, https:\/\/proud2participate.com\/wp-content\/uploads\/2024\/05\/Proud_2_Participate_Gallery_8-1-150x150.jpg 150w, https:\/\/proud2participate.com\/wp-content\/uploads\/2024\/05\/Proud_2_Participate_Gallery_8-1-768x768.jpg 768w, https:\/\/proud2participate.com\/wp-content\/uploads\/2024\/05\/Proud_2_Participate_Gallery_8-1-12x12.jpg 12w\" sizes=\"(max-width: 1080px) 100vw, 1080px\" \/><\/a>\n\t\t\t<\/div><\/figure><figure class='gallery-item'>\n\t\t\t<div class='gallery-icon landscape'>\n\t\t\t\t<a data-elementor-open-lightbox=\"yes\" data-elementor-lightbox-slideshow=\"57f8206\" data-elementor-lightbox-title=\"Proud_2_Participate_Gallery_6-1.jpg\" data-e-action-hash=\"#elementor-action%3Aaction%3Dlightbox%26settings%3DeyJpZCI6NTIsInVybCI6Imh0dHBzOlwvXC9wcm91ZDJwYXJ0aWNpcGF0ZS5jb21cL3dwLWNvbnRlbnRcL3VwbG9hZHNcLzIwMjRcLzA1XC9Qcm91ZF8yX1BhcnRpY2lwYXRlX0dhbGxlcnlfNi0xLmpwZyIsInNsaWRlc2hvdyI6IjU3ZjgyMDYifQ%3D%3D\" href='https:\/\/proud2participate.com\/wp-content\/uploads\/2024\/05\/Proud_2_Participate_Gallery_6-1.jpg'><img decoding=\"async\" width=\"1080\" height=\"1080\" src=\"https:\/\/proud2participate.com\/wp-content\/uploads\/2024\/05\/Proud_2_Participate_Gallery_6-1.jpg\" class=\"attachment-full size-full\" alt=\"\" srcset=\"https:\/\/proud2participate.com\/wp-content\/uploads\/2024\/05\/Proud_2_Participate_Gallery_6-1.jpg 1080w, https:\/\/proud2participate.com\/wp-content\/uploads\/2024\/05\/Proud_2_Participate_Gallery_6-1-300x300.jpg 300w, https:\/\/proud2participate.com\/wp-content\/uploads\/2024\/05\/Proud_2_Participate_Gallery_6-1-1024x1024.jpg 1024w, https:\/\/proud2participate.com\/wp-content\/uploads\/2024\/05\/Proud_2_Participate_Gallery_6-1-150x150.jpg 150w, https:\/\/proud2participate.com\/wp-content\/uploads\/2024\/05\/Proud_2_Participate_Gallery_6-1-768x768.jpg 768w, https:\/\/proud2participate.com\/wp-content\/uploads\/2024\/05\/Proud_2_Participate_Gallery_6-1-12x12.jpg 12w\" sizes=\"(max-width: 1080px) 100vw, 1080px\" \/><\/a>\n\t\t\t<\/div><\/figure><figure class='gallery-item'>\n\t\t\t<div class='gallery-icon landscape'>\n\t\t\t\t<a data-elementor-open-lightbox=\"yes\" data-elementor-lightbox-slideshow=\"57f8206\" data-elementor-lightbox-title=\"Proud_2_Participate_Gallery_5-1.jpg\" data-e-action-hash=\"#elementor-action%3Aaction%3Dlightbox%26settings%3DeyJpZCI6NTMsInVybCI6Imh0dHBzOlwvXC9wcm91ZDJwYXJ0aWNpcGF0ZS5jb21cL3dwLWNvbnRlbnRcL3VwbG9hZHNcLzIwMjRcLzA1XC9Qcm91ZF8yX1BhcnRpY2lwYXRlX0dhbGxlcnlfNS0xLmpwZyIsInNsaWRlc2hvdyI6IjU3ZjgyMDYifQ%3D%3D\" href='https:\/\/proud2participate.com\/wp-content\/uploads\/2024\/05\/Proud_2_Participate_Gallery_5-1.jpg'><img decoding=\"async\" width=\"1080\" height=\"1080\" src=\"https:\/\/proud2participate.com\/wp-content\/uploads\/2024\/05\/Proud_2_Participate_Gallery_5-1.jpg\" class=\"attachment-full size-full\" alt=\"\" srcset=\"https:\/\/proud2participate.com\/wp-content\/uploads\/2024\/05\/Proud_2_Participate_Gallery_5-1.jpg 1080w, https:\/\/proud2participate.com\/wp-content\/uploads\/2024\/05\/Proud_2_Participate_Gallery_5-1-300x300.jpg 300w, https:\/\/proud2participate.com\/wp-content\/uploads\/2024\/05\/Proud_2_Participate_Gallery_5-1-1024x1024.jpg 1024w, https:\/\/proud2participate.com\/wp-content\/uploads\/2024\/05\/Proud_2_Participate_Gallery_5-1-150x150.jpg 150w, https:\/\/proud2participate.com\/wp-content\/uploads\/2024\/05\/Proud_2_Participate_Gallery_5-1-768x768.jpg 768w, https:\/\/proud2participate.com\/wp-content\/uploads\/2024\/05\/Proud_2_Participate_Gallery_5-1-12x12.jpg 12w\" sizes=\"(max-width: 1080px) 100vw, 1080px\" \/><\/a>\n\t\t\t<\/div><\/figure><figure class='gallery-item'>\n\t\t\t<div class='gallery-icon landscape'>\n\t\t\t\t<a data-elementor-open-lightbox=\"yes\" data-elementor-lightbox-slideshow=\"57f8206\" data-elementor-lightbox-title=\"Proud_2_Participate_Gallery_3-1.jpg\" data-e-action-hash=\"#elementor-action%3Aaction%3Dlightbox%26settings%3DeyJpZCI6NTQsInVybCI6Imh0dHBzOlwvXC9wcm91ZDJwYXJ0aWNpcGF0ZS5jb21cL3dwLWNvbnRlbnRcL3VwbG9hZHNcLzIwMjRcLzA1XC9Qcm91ZF8yX1BhcnRpY2lwYXRlX0dhbGxlcnlfMy0xLmpwZyIsInNsaWRlc2hvdyI6IjU3ZjgyMDYifQ%3D%3D\" href='https:\/\/proud2participate.com\/wp-content\/uploads\/2024\/05\/Proud_2_Participate_Gallery_3-1.jpg'><img loading=\"lazy\" decoding=\"async\" width=\"1080\" height=\"1080\" src=\"https:\/\/proud2participate.com\/wp-content\/uploads\/2024\/05\/Proud_2_Participate_Gallery_3-1.jpg\" class=\"attachment-full size-full\" alt=\"\" srcset=\"https:\/\/proud2participate.com\/wp-content\/uploads\/2024\/05\/Proud_2_Participate_Gallery_3-1.jpg 1080w, https:\/\/proud2participate.com\/wp-content\/uploads\/2024\/05\/Proud_2_Participate_Gallery_3-1-300x300.jpg 300w, https:\/\/proud2participate.com\/wp-content\/uploads\/2024\/05\/Proud_2_Participate_Gallery_3-1-1024x1024.jpg 1024w, https:\/\/proud2participate.com\/wp-content\/uploads\/2024\/05\/Proud_2_Participate_Gallery_3-1-150x150.jpg 150w, https:\/\/proud2participate.com\/wp-content\/uploads\/2024\/05\/Proud_2_Participate_Gallery_3-1-768x768.jpg 768w, https:\/\/proud2participate.com\/wp-content\/uploads\/2024\/05\/Proud_2_Participate_Gallery_3-1-12x12.jpg 12w\" sizes=\"(max-width: 1080px) 100vw, 1080px\" \/><\/a>\n\t\t\t<\/div><\/figure><figure class='gallery-item'>\n\t\t\t<div class='gallery-icon landscape'>\n\t\t\t\t<a data-elementor-open-lightbox=\"yes\" data-elementor-lightbox-slideshow=\"57f8206\" data-elementor-lightbox-title=\"Proud_2_Participate_Gallery_2-1.jpg\" data-e-action-hash=\"#elementor-action%3Aaction%3Dlightbox%26settings%3DeyJpZCI6NTUsInVybCI6Imh0dHBzOlwvXC9wcm91ZDJwYXJ0aWNpcGF0ZS5jb21cL3dwLWNvbnRlbnRcL3VwbG9hZHNcLzIwMjRcLzA1XC9Qcm91ZF8yX1BhcnRpY2lwYXRlX0dhbGxlcnlfMi0xLmpwZyIsInNsaWRlc2hvdyI6IjU3ZjgyMDYifQ%3D%3D\" href='https:\/\/proud2participate.com\/wp-content\/uploads\/2024\/05\/Proud_2_Participate_Gallery_2-1.jpg'><img loading=\"lazy\" decoding=\"async\" width=\"1080\" height=\"1080\" src=\"https:\/\/proud2participate.com\/wp-content\/uploads\/2024\/05\/Proud_2_Participate_Gallery_2-1.jpg\" class=\"attachment-full size-full\" alt=\"\" srcset=\"https:\/\/proud2participate.com\/wp-content\/uploads\/2024\/05\/Proud_2_Participate_Gallery_2-1.jpg 1080w, https:\/\/proud2participate.com\/wp-content\/uploads\/2024\/05\/Proud_2_Participate_Gallery_2-1-300x300.jpg 300w, https:\/\/proud2participate.com\/wp-content\/uploads\/2024\/05\/Proud_2_Participate_Gallery_2-1-1024x1024.jpg 1024w, https:\/\/proud2participate.com\/wp-content\/uploads\/2024\/05\/Proud_2_Participate_Gallery_2-1-150x150.jpg 150w, https:\/\/proud2participate.com\/wp-content\/uploads\/2024\/05\/Proud_2_Participate_Gallery_2-1-768x768.jpg 768w, https:\/\/proud2participate.com\/wp-content\/uploads\/2024\/05\/Proud_2_Participate_Gallery_2-1-12x12.jpg 12w\" sizes=\"(max-width: 1080px) 100vw, 1080px\" \/><\/a>\n\t\t\t<\/div><\/figure><figure class='gallery-item'>\n\t\t\t<div class='gallery-icon landscape'>\n\t\t\t\t<a data-elementor-open-lightbox=\"yes\" data-elementor-lightbox-slideshow=\"57f8206\" data-elementor-lightbox-title=\"Proud_2_Participate_Gallery_1-1.jpg\" data-e-action-hash=\"#elementor-action%3Aaction%3Dlightbox%26settings%3DeyJpZCI6NTYsInVybCI6Imh0dHBzOlwvXC9wcm91ZDJwYXJ0aWNpcGF0ZS5jb21cL3dwLWNvbnRlbnRcL3VwbG9hZHNcLzIwMjRcLzA1XC9Qcm91ZF8yX1BhcnRpY2lwYXRlX0dhbGxlcnlfMS0xLmpwZyIsInNsaWRlc2hvdyI6IjU3ZjgyMDYifQ%3D%3D\" href='https:\/\/proud2participate.com\/wp-content\/uploads\/2024\/05\/Proud_2_Participate_Gallery_1-1.jpg'><img loading=\"lazy\" decoding=\"async\" width=\"1080\" height=\"1080\" src=\"https:\/\/proud2participate.com\/wp-content\/uploads\/2024\/05\/Proud_2_Participate_Gallery_1-1.jpg\" class=\"attachment-full size-full\" alt=\"\" srcset=\"https:\/\/proud2participate.com\/wp-content\/uploads\/2024\/05\/Proud_2_Participate_Gallery_1-1.jpg 1080w, https:\/\/proud2participate.com\/wp-content\/uploads\/2024\/05\/Proud_2_Participate_Gallery_1-1-300x300.jpg 300w, https:\/\/proud2participate.com\/wp-content\/uploads\/2024\/05\/Proud_2_Participate_Gallery_1-1-1024x1024.jpg 1024w, https:\/\/proud2participate.com\/wp-content\/uploads\/2024\/05\/Proud_2_Participate_Gallery_1-1-150x150.jpg 150w, https:\/\/proud2participate.com\/wp-content\/uploads\/2024\/05\/Proud_2_Participate_Gallery_1-1-768x768.jpg 768w, https:\/\/proud2participate.com\/wp-content\/uploads\/2024\/05\/Proud_2_Participate_Gallery_1-1-12x12.jpg 12w\" sizes=\"(max-width: 1080px) 100vw, 1080px\" \/><\/a>\n\t\t\t<\/div><\/figure>\n\t\t<\/div>\n\t\t<\/div>\n\t\t\t\t\t\t<\/div>\n\t\t\t\t<\/div>\n\t\t\t\t<\/div>\n\t\t\t\t<\/div>","protected":false},"excerpt":{"rendered":"<p>Mission Home Home Mission Mission By mid-2024, Den Bosch is likely to host over 600 asylum seekers, many of whom will eventually become status holders. They all deserve a chance [&hellip;]<\/p>\n","protected":false},"author":1,"featured_media":0,"parent":0,"menu_order":0,"comment_status":"closed","ping_status":"closed","template":"elementor_header_footer","meta":{"_EventAllDay":false,"_EventTimezone":"","_EventStartDate":"","_EventEndDate":"","_EventStartDateUTC":"","_EventEndDateUTC":"","_EventShowMap":false,"_EventShowMapLink":false,"_EventURL":"","_EventCost":"","_EventCostDescription":"","_EventCurrencySymbol":"","_EventCurrencyCode":"","_EventCurrencyPosition":"","_EventDateTimeSeparator":"","_EventTimeRangeSeparator":"","_EventOrganizerID":[],"_EventVenueID":[],"_OrganizerEmail":"","_OrganizerPhone":"","_OrganizerWebsite":"","_VenueAddress":"","_VenueCity":"","_VenueCountry":"","_VenueProvince":"","_VenueState":"","_VenueZip":"","_VenuePhone":"","_VenueURL":"","_VenueStateProvince":"","_VenueLat":"","_VenueLng":"","_VenueShowMap":false,"_VenueShowMapLink":false,"footnotes":""},"_links":{"self":[{"href":"https:\/\/proud2participate.com\/nl\/wp-json\/wp\/v2\/pages\/65"}],"collection":[{"href":"https:\/\/proud2participate.com\/nl\/wp-json\/wp\/v2\/pages"}],"about":[{"href":"https:\/\/proud2participate.com\/nl\/wp-json\/wp\/v2\/types\/page"}],"author":[{"embeddable":true,"href":"https:\/\/proud2participate.com\/nl\/wp-json\/wp\/v2\/users\/1"}],"replies":[{"embeddable":true,"href":"https:\/\/proud2participate.com\/nl\/wp-json\/wp\/v2\/comments?post=65"}],"version-history":[{"count":7,"href":"https:\/\/proud2participate.com\/nl\/wp-json\/wp\/v2\/pages\/65\/revisions"}],"predecessor-version":[{"id":209,"href":"https:\/\/proud2participate.com\/nl\/wp-json\/wp\/v2\/pages\/65\/revisions\/209"}],"wp:attachment":[{"href":"https:\/\/proud2participate.com\/nl\/wp-json\/wp\/v2\/media?parent=65"}],"curies":[{"name":"wp","href":"https:\/\/api.w.org\/{rel}","templated":true}]}}